{"id":5687,"date":"2024-08-01T14:21:41","date_gmt":"2024-08-01T14:21:41","guid":{"rendered":"https:\/\/www.biothys.com\/rechtliche-hinweise\/"},"modified":"2024-11-07T11:18:07","modified_gmt":"2024-11-07T11:18:07","slug":"rechtliche-hinweise","status":"publish","type":"page","link":"https:\/\/www.biothys.com\/de\/rechtliche-hinweise\/","title":{"rendered":"Impressums"},"content":{"rendered":"\t\t<div data-elementor-type=\"wp-page\" data-elementor-id=\"5687\" class=\"elementor elementor-5687 elementor-2867\" data-elementor-post-type=\"page\">\n\t\t\t\t<div class=\"elementor-element elementor-element-c3b74ac e-flex e-con-boxed e-con e-parent\" data-id=\"c3b74ac\" data-element_type=\"container\" data-e-type=\"container\" data-settings=\"{&quot;background_background&quot;:&quot;classic&quot;}\">\n\t\t\t\t\t<div class=\"e-con-inner\">\n\t\t\t\t\t<\/div>\n\t\t\t\t<\/div>\n\t\t<div class=\"elementor-element elementor-element-aef8044 e-flex e-con-boxed e-con e-parent\" data-id=\"aef8044\" data-element_type=\"container\" data-e-type=\"container\" data-settings=\"{&quot;background_background&quot;:&quot;classic&quot;}\">\n\t\t\t\t\t<div class=\"e-con-inner\">\n\t\t\t\t<div class=\"elementor-element elementor-element-5d7ced9 elementor-widget elementor-widget-breadcrumbs\" data-id=\"5d7ced9\" data-element_type=\"widget\" data-e-type=\"widget\" data-widget_type=\"breadcrumbs.default\">\n\t\t\t\t<div class=\"elementor-widget-container\">\n\t\t\t\t\t<p id=\"breadcrumbs\"><span><span><a href=\"https:\/\/www.biothys.com\/de\/\">Accueil<\/a><\/span><\/span><\/p>\t\t\t\t<\/div>\n\t\t\t\t<\/div>\n\t\t\t\t\t<\/div>\n\t\t\t\t<\/div>\n\t\t<div class=\"elementor-element elementor-element-85be920 bg_hg e-con-full e-flex e-con e-parent\" data-id=\"85be920\" data-element_type=\"container\" data-e-type=\"container\">\n\t\t\t\t<div class=\"elementor-element elementor-element-91d5679 elementor-widget elementor-widget-heading\" data-id=\"91d5679\" data-element_type=\"widget\" data-e-type=\"widget\" data-widget_type=\"heading.default\">\n\t\t\t\t<div class=\"elementor-widget-container\">\n\t\t\t\t\t<h1 class=\"elementor-heading-title elementor-size-default\"><span>I<\/span>mpressums<\/h1>\t\t\t\t<\/div>\n\t\t\t\t<\/div>\n\t\t\t\t<div class=\"elementor-element elementor-element-8d04173 animated-fast elementor-widget-divider--view-line elementor-widget elementor-widget-divider\" data-id=\"8d04173\" data-element_type=\"widget\" data-e-type=\"widget\" data-settings=\"{&quot;_animation&quot;:&quot;none&quot;}\" data-widget_type=\"divider.default\">\n\t\t\t\t<div class=\"elementor-widget-container\">\n\t\t\t\t\t\t\t<div class=\"elementor-divider\">\n\t\t\t<span class=\"elementor-divider-separator\">\n\t\t\t\t\t\t<\/span>\n\t\t<\/div>\n\t\t\t\t\t\t<\/div>\n\t\t\t\t<\/div>\n\t\t\t\t<div class=\"elementor-element elementor-element-f3d2868 elementor-widget elementor-widget-heading\" data-id=\"f3d2868\" data-element_type=\"widget\" data-e-type=\"widget\" data-widget_type=\"heading.default\">\n\t\t\t\t<div class=\"elementor-widget-container\">\n\t\t\t\t\t<h2 class=\"elementor-heading-title elementor-size-default\">Betroffener SITE: <span style=\"color: var( --e-global-color-primary );font-family: var( --e-global-typography-faa1673-font-family ), Sans-serif;font-size: var( --e-global-typography-faa1673-font-size );font-weight: var( --e-global-typography-primary-font-weight );text-align: start;text-transform: var( --e-global-typography-faa1673-text-transform )\">www.biothys.com<\/span><span style=\"color: var( --e-global-color-primary );font-family: var( --e-global-typography-faa1673-font-family ), Sans-serif;font-size: var( --e-global-typography-faa1673-font-size );font-weight: var( --e-global-typography-primary-font-weight );letter-spacing: var( --e-global-typography-faa1673-letter-spacing );text-transform: var( --e-global-typography-faa1673-text-transform )\"><\/span><br><\/h2>\t\t\t\t<\/div>\n\t\t\t\t<\/div>\n\t\t<div class=\"elementor-element elementor-element-e4f377f e-flex e-con-boxed e-con e-child\" data-id=\"e4f377f\" data-element_type=\"container\" data-e-type=\"container\">\n\t\t\t\t\t<div class=\"e-con-inner\">\n\t\t\t\t<div class=\"elementor-element elementor-element-c5208d8 elementor-widget elementor-widget-heading\" data-id=\"c5208d8\" data-element_type=\"widget\" data-e-type=\"widget\" data-widget_type=\"heading.default\">\n\t\t\t\t<div class=\"elementor-widget-container\">\n\t\t\t\t\t<h2 class=\"elementor-heading-title elementor-size-default\">Herausgeber der Website<\/h2>\t\t\t\t<\/div>\n\t\t\t\t<\/div>\n\t\t\t\t<div class=\"elementor-element elementor-element-ca854da elementor-widget elementor-widget-text-editor\" data-id=\"ca854da\" data-element_type=\"widget\" data-e-type=\"widget\" data-widget_type=\"text-editor.default\">\n\t\t\t\t<div class=\"elementor-widget-container\">\n\t\t\t\t\t\t\t\t\t<p>BIOTHYS\u2122 GmbH<\/p>\n<p>Gewerbestra\u00dfe 6, <br \/>D-77731 Willst\u00e4tt, Deutschland<\/p>\n<p>Tel: +49 (0)7854.98.95.40<br \/>Fax: +49 (0)7854.98.95.499<\/p>\n<p>E-Mail: info@biothys.com<\/p>\n<p>Umsatzsteuer-Identifikationsnummer gem\u00e4\u00df \u00a7 27 a Umsatzsteuergesetz: DE 812785566<\/p>\n<p>Tribunal de Grande Instance HRB FR 371 651<\/p>\n\t\t\t\t\t\t\t\t<\/div>\n\t\t\t\t<\/div>\n\t\t\t\t<div class=\"elementor-element elementor-element-67c1477 elementor-widget elementor-widget-heading\" data-id=\"67c1477\" data-element_type=\"widget\" data-e-type=\"widget\" data-widget_type=\"heading.default\">\n\t\t\t\t<div class=\"elementor-widget-container\">\n\t\t\t\t\t<h2 class=\"elementor-heading-title elementor-size-default\">Direktor der Ver\u00f6ffentlichung<\/h2>\t\t\t\t<\/div>\n\t\t\t\t<\/div>\n\t\t\t\t<div class=\"elementor-element elementor-element-8da6c91 elementor-widget elementor-widget-text-editor\" data-id=\"8da6c91\" data-element_type=\"widget\" data-e-type=\"widget\" data-widget_type=\"text-editor.default\">\n\t\t\t\t<div class=\"elementor-widget-container\">\n\t\t\t\t\t\t\t\t\t<p>Generaldirektor: Michael Luccisano<\/p>\n<p>Gewerbestra\u00dfe 6, <br \/>77731 Willst\u00e4tt, Deutschland<\/p>\n<p>Tel: +49 (0)7854.98.95.40<br \/>Fax: +49 (0)7854.98.95.499<\/p>\n\t\t\t\t\t\t\t\t<\/div>\n\t\t\t\t<\/div>\n\t\t\t\t<div class=\"elementor-element elementor-element-aab70c5 elementor-widget elementor-widget-heading\" data-id=\"aab70c5\" data-element_type=\"widget\" data-e-type=\"widget\" data-widget_type=\"heading.default\">\n\t\t\t\t<div class=\"elementor-widget-container\">\n\t\t\t\t\t<h2 class=\"elementor-heading-title elementor-size-default\">Host<\/h2>\t\t\t\t<\/div>\n\t\t\t\t<\/div>\n\t\t\t\t<div class=\"elementor-element elementor-element-f9f65d1 elementor-widget elementor-widget-text-editor\" data-id=\"f9f65d1\" data-element_type=\"widget\" data-e-type=\"widget\" data-widget_type=\"text-editor.default\">\n\t\t\t\t<div class=\"elementor-widget-container\">\n\t\t\t\t\t\t\t\t\t<p>Informationen werden derzeit aktualisiert<\/p>\n\t\t\t\t\t\t\t\t<\/div>\n\t\t\t\t<\/div>\n\t\t\t\t<div class=\"elementor-element elementor-element-b71ad98 elementor-widget elementor-widget-heading\" data-id=\"b71ad98\" data-element_type=\"widget\" data-e-type=\"widget\" data-widget_type=\"heading.default\">\n\t\t\t\t<div class=\"elementor-widget-container\">\n\t\t\t\t\t<h2 class=\"elementor-heading-title elementor-size-default\">Webmaster<\/h2>\t\t\t\t<\/div>\n\t\t\t\t<\/div>\n\t\t\t\t<div class=\"elementor-element elementor-element-c305c7d elementor-widget elementor-widget-text-editor\" data-id=\"c305c7d\" data-element_type=\"widget\" data-e-type=\"widget\" data-widget_type=\"text-editor.default\">\n\t\t\t\t<div class=\"elementor-widget-container\">\n\t\t\t\t\t\t\t\t\t<p>Krysalidesign Studio<br \/>67720 HOERDT<br \/>SIRET: 900 963 471 00017<br \/>krysalidesign.com<br \/>+33 (0)9 73 76 27 83<br \/>contact@krysalidesign.com<\/p>\n\t\t\t\t\t\t\t\t<\/div>\n\t\t\t\t<\/div>\n\t\t\t\t<div class=\"elementor-element elementor-element-5ae0952 elementor-widget elementor-widget-heading\" data-id=\"5ae0952\" data-element_type=\"widget\" data-e-type=\"widget\" data-widget_type=\"heading.default\">\n\t\t\t\t<div class=\"elementor-widget-container\">\n\t\t\t\t\t<h2 class=\"elementor-heading-title elementor-size-default\">Rechte und geistiges Eigentum<\/h2>\t\t\t\t<\/div>\n\t\t\t\t<\/div>\n\t\t\t\t<div class=\"elementor-element elementor-element-e034a06 elementor-widget elementor-widget-text-editor\" data-id=\"e034a06\" data-element_type=\"widget\" data-e-type=\"widget\" data-widget_type=\"text-editor.default\">\n\t\t\t\t<div class=\"elementor-widget-container\">\n\t\t\t\t\t\t\t\t\t<p>Die gesamte Website unterliegt den franz\u00f6sischen und internationalen Gesetzen zum Urheberrecht und zum geistigen Eigentum. Alle Rechte der Vervielf\u00e4ltigung sind vorbehalten, einschlie\u00dflich der ikonographischen und fotografischen Dokumente. <\/p>\n\t\t\t\t\t\t\t\t<\/div>\n\t\t\t\t<\/div>\n\t\t\t\t<div class=\"elementor-element elementor-element-33eea38 elementor-widget elementor-widget-heading\" data-id=\"33eea38\" data-element_type=\"widget\" data-e-type=\"widget\" data-widget_type=\"heading.default\">\n\t\t\t\t<div class=\"elementor-widget-container\">\n\t\t\t\t\t<h2 class=\"elementor-heading-title elementor-size-default\">Kredite<\/h2>\t\t\t\t<\/div>\n\t\t\t\t<\/div>\n\t\t\t\t<div class=\"elementor-element elementor-element-1971e19 elementor-widget elementor-widget-text-editor\" data-id=\"1971e19\" data-element_type=\"widget\" data-e-type=\"widget\" data-widget_type=\"text-editor.default\">\n\t\t\t\t<div class=\"elementor-widget-container\">\n\t\t\t\t\t\t\t\t\t<p><b>BIOTHYS\u2122 GmbH<\/b><\/p>\n\t\t\t\t\t\t\t\t<\/div>\n\t\t\t\t<\/div>\n\t\t\t\t<div class=\"elementor-element elementor-element-03e4b50 elementor-widget elementor-widget-heading\" data-id=\"03e4b50\" data-element_type=\"widget\" data-e-type=\"widget\" data-widget_type=\"heading.default\">\n\t\t\t\t<div class=\"elementor-widget-container\">\n\t\t\t\t\t<h2 class=\"elementor-heading-title elementor-size-default\">Pers\u00f6nliche Daten<\/h2>\t\t\t\t<\/div>\n\t\t\t\t<\/div>\n\t\t\t\t<div class=\"elementor-element elementor-element-3b01277 elementor-widget elementor-widget-text-editor\" data-id=\"3b01277\" data-element_type=\"widget\" data-e-type=\"widget\" data-widget_type=\"text-editor.default\">\n\t\t\t\t<div class=\"elementor-widget-container\">\n\t\t\t\t\t\t\t\t\t<p>Im Allgemeinen k\u00f6nnen Sie unsere Website \u00fcber das Internet besuchen, ohne sich auszuweisen und pers\u00f6nliche Informationen \u00fcber sich selbst anzugeben. Es kann jedoch vorkommen, dass wir Sie um die Angabe von Informationen bitten. Beispielsweise um ein Angebot, eine Anfrage, eine Bestellung, eine Korrespondenz oder eine Bewerbung f\u00fcr eine Stelle zu bearbeiten. Wir k\u00f6nnen diese Informationen erg\u00e4nzen, um eine Transaktion abzuschlie\u00dfen oder einen besseren Service zu bieten. Weitere Informationen finden Sie auf unserer Seite Datenschutz.    <\/p>\n\t\t\t\t\t\t\t\t<\/div>\n\t\t\t\t<\/div>\n\t\t\t\t<div class=\"elementor-element elementor-element-67a37c3 elementor-widget elementor-widget-heading\" data-id=\"67a37c3\" data-element_type=\"widget\" data-e-type=\"widget\" data-widget_type=\"heading.default\">\n\t\t\t\t<div class=\"elementor-widget-container\">\n\t\t\t\t\t<h2 class=\"elementor-heading-title elementor-size-default\">Cookies<\/h2>\t\t\t\t<\/div>\n\t\t\t\t<\/div>\n\t\t\t\t<div class=\"elementor-element elementor-element-bf00e8f elementor-widget elementor-widget-text-editor\" data-id=\"bf00e8f\" data-element_type=\"widget\" data-e-type=\"widget\" data-widget_type=\"text-editor.default\">\n\t\t\t\t<div class=\"elementor-widget-container\">\n\t\t\t\t\t\t\t\t\t<p>Diese Website verwendet Cookies f\u00fcr den Betrieb und zur Erfassung von Statistiken. Sie haben die M\u00f6glichkeit, statistische Cookies \u00fcber den Cookie-Banner am unteren Rand der Seite abzulehnen. Weitere Informationen finden Sie auf unserer Seite Datenschutzrichtlinie und Cookie-Richtlinie.  <\/p>\n\t\t\t\t\t\t\t\t<\/div>\n\t\t\t\t<\/div>\n\t\t\t\t\t<\/div>\n\t\t\t\t<\/div>\n\t\t\t\t<\/div>\n\t\t\t\t<\/div>\n\t\t","protected":false},"excerpt":{"rendered":"<p>Impressums Betroffener SITE: www.biothys.com Herausgeber der Website BIOTHYS\u2122 GmbH Gewerbestra\u00dfe 6, D-77731 Willst\u00e4tt, Deutschland Tel: +49 (0)7854.98.95.40Fax: +49 (0)7854.98.95.499 E-Mail: info@biothys.com Umsatzsteuer-Identifikationsnummer gem\u00e4\u00df \u00a7 27 a Umsatzsteuergesetz: DE 812785566 Tribunal de Grande Instance HRB FR 371 651 Direktor der Ver\u00f6ffentlichung Generaldirektor: Michael Luccisano Gewerbestra\u00dfe 6, 77731 Willst\u00e4tt, Deutschland Tel: +49 (0)7854.98.95.40Fax: +49 (0)7854.98.95.499 Host Informationen [&hellip;]<\/p>\n","protected":false},"author":1,"featured_media":0,"parent":0,"menu_order":0,"comment_status":"closed","ping_status":"closed","template":"","meta":{"_acf_changed":false,"footnotes":""},"cible":[],"propriete":[],"secteur_general":[],"secteur":[],"typologie":[],"class_list":["post-5687","page","type-page","status-publish","hentry"],"acf":[],"yoast_head":"<!-- This site is optimized with the Yoast SEO plugin v27.4 - https:\/\/yoast.com\/product\/yoast-seo-wordpress\/ -->\n<title>Impressums - Biothys<\/title>\n<meta name=\"description\" content=\"Rechtliche Hinweise f\u00fcr die Website von Biothys, Spezialist f\u00fcr die Behandlung von schlechten Ger\u00fcchen in allen T\u00e4tigkeitsbereichen\" \/>\n<meta name=\"robots\" content=\"index, follow, max-snippet:-1, max-image-preview:large, max-video-preview:-1\" \/>\n<link rel=\"canonical\" href=\"https:\/\/www.biothys.com\/de\/rechtliche-hinweise\/\" \/>\n<meta property=\"og:locale\" content=\"de_DE\" \/>\n<meta property=\"og:type\" content=\"article\" \/>\n<meta property=\"og:title\" content=\"Impressums - Biothys\" \/>\n<meta property=\"og:description\" content=\"Rechtliche Hinweise f\u00fcr die Website von Biothys, Spezialist f\u00fcr die Behandlung von schlechten Ger\u00fcchen in allen T\u00e4tigkeitsbereichen\" \/>\n<meta property=\"og:url\" content=\"https:\/\/www.biothys.com\/de\/rechtliche-hinweise\/\" \/>\n<meta property=\"og:site_name\" content=\"Biothys\" \/>\n<meta property=\"article:modified_time\" content=\"2024-11-07T11:18:07+00:00\" \/>\n<meta property=\"og:image\" content=\"https:\/\/www.biothys.com\/wp-content\/uploads\/2024\/04\/logo-intro.png\" \/>\n\t<meta property=\"og:image:width\" content=\"1387\" \/>\n\t<meta property=\"og:image:height\" content=\"261\" \/>\n\t<meta property=\"og:image:type\" content=\"image\/png\" \/>\n<meta name=\"twitter:card\" content=\"summary_large_image\" \/>\n<script type=\"application\/ld+json\" class=\"yoast-schema-graph\">{\"@context\":\"https:\\\/\\\/schema.org\",\"@graph\":[{\"@type\":\"WebPage\",\"@id\":\"https:\\\/\\\/www.biothys.com\\\/de\\\/rechtliche-hinweise\\\/\",\"url\":\"https:\\\/\\\/www.biothys.com\\\/de\\\/rechtliche-hinweise\\\/\",\"name\":\"Impressums - Biothys\",\"isPartOf\":{\"@id\":\"https:\\\/\\\/www.biothys.com\\\/de\\\/#website\"},\"datePublished\":\"2024-08-01T14:21:41+00:00\",\"dateModified\":\"2024-11-07T11:18:07+00:00\",\"description\":\"Rechtliche Hinweise f\u00fcr die Website von Biothys, Spezialist f\u00fcr die Behandlung von schlechten Ger\u00fcchen in allen T\u00e4tigkeitsbereichen\",\"breadcrumb\":{\"@id\":\"https:\\\/\\\/www.biothys.com\\\/de\\\/rechtliche-hinweise\\\/#breadcrumb\"},\"inLanguage\":\"de\",\"potentialAction\":[{\"@type\":\"ReadAction\",\"target\":[\"https:\\\/\\\/www.biothys.com\\\/de\\\/rechtliche-hinweise\\\/\"]}]},{\"@type\":\"BreadcrumbList\",\"@id\":\"https:\\\/\\\/www.biothys.com\\\/de\\\/rechtliche-hinweise\\\/#breadcrumb\",\"itemListElement\":[{\"@type\":\"ListItem\",\"position\":1,\"name\":\"Accueil\",\"item\":\"https:\\\/\\\/www.biothys.com\\\/de\\\/\"},{\"@type\":\"ListItem\",\"position\":2,\"name\":\"Impressums\"}]},{\"@type\":\"WebSite\",\"@id\":\"https:\\\/\\\/www.biothys.com\\\/de\\\/#website\",\"url\":\"https:\\\/\\\/www.biothys.com\\\/de\\\/\",\"name\":\"Biothys\",\"description\":\"\",\"publisher\":{\"@id\":\"https:\\\/\\\/www.biothys.com\\\/de\\\/#organization\"},\"potentialAction\":[{\"@type\":\"SearchAction\",\"target\":{\"@type\":\"EntryPoint\",\"urlTemplate\":\"https:\\\/\\\/www.biothys.com\\\/de\\\/?s={search_term_string}\"},\"query-input\":{\"@type\":\"PropertyValueSpecification\",\"valueRequired\":true,\"valueName\":\"search_term_string\"}}],\"inLanguage\":\"de\"},{\"@type\":\"Organization\",\"@id\":\"https:\\\/\\\/www.biothys.com\\\/de\\\/#organization\",\"name\":\"Biothys\",\"url\":\"https:\\\/\\\/www.biothys.com\\\/de\\\/\",\"logo\":{\"@type\":\"ImageObject\",\"inLanguage\":\"de\",\"@id\":\"https:\\\/\\\/www.biothys.com\\\/de\\\/#\\\/schema\\\/logo\\\/image\\\/\",\"url\":\"https:\\\/\\\/www.biothys.com\\\/wp-content\\\/uploads\\\/2024\\\/04\\\/Logo-Biothys-header.png\",\"contentUrl\":\"https:\\\/\\\/www.biothys.com\\\/wp-content\\\/uploads\\\/2024\\\/04\\\/Logo-Biothys-header.png\",\"width\":239,\"height\":60,\"caption\":\"Biothys\"},\"image\":{\"@id\":\"https:\\\/\\\/www.biothys.com\\\/de\\\/#\\\/schema\\\/logo\\\/image\\\/\"}}]}<\/script>\n<!-- \/ Yoast SEO plugin. -->","yoast_head_json":{"title":"Impressums - Biothys","description":"Rechtliche Hinweise f\u00fcr die Website von Biothys, Spezialist f\u00fcr die Behandlung von schlechten Ger\u00fcchen in allen T\u00e4tigkeitsbereichen","robots":{"index":"index","follow":"follow","max-snippet":"max-snippet:-1","max-image-preview":"max-image-preview:large","max-video-preview":"max-video-preview:-1"},"canonical":"https:\/\/www.biothys.com\/de\/rechtliche-hinweise\/","og_locale":"de_DE","og_type":"article","og_title":"Impressums - Biothys","og_description":"Rechtliche Hinweise f\u00fcr die Website von Biothys, Spezialist f\u00fcr die Behandlung von schlechten Ger\u00fcchen in allen T\u00e4tigkeitsbereichen","og_url":"https:\/\/www.biothys.com\/de\/rechtliche-hinweise\/","og_site_name":"Biothys","article_modified_time":"2024-11-07T11:18:07+00:00","og_image":[{"width":1387,"height":261,"url":"https:\/\/www.biothys.com\/wp-content\/uploads\/2024\/04\/logo-intro.png","type":"image\/png"}],"twitter_card":"summary_large_image","schema":{"@context":"https:\/\/schema.org","@graph":[{"@type":"WebPage","@id":"https:\/\/www.biothys.com\/de\/rechtliche-hinweise\/","url":"https:\/\/www.biothys.com\/de\/rechtliche-hinweise\/","name":"Impressums - Biothys","isPartOf":{"@id":"https:\/\/www.biothys.com\/de\/#website"},"datePublished":"2024-08-01T14:21:41+00:00","dateModified":"2024-11-07T11:18:07+00:00","description":"Rechtliche Hinweise f\u00fcr die Website von Biothys, Spezialist f\u00fcr die Behandlung von schlechten Ger\u00fcchen in allen T\u00e4tigkeitsbereichen","breadcrumb":{"@id":"https:\/\/www.biothys.com\/de\/rechtliche-hinweise\/#breadcrumb"},"inLanguage":"de","potentialAction":[{"@type":"ReadAction","target":["https:\/\/www.biothys.com\/de\/rechtliche-hinweise\/"]}]},{"@type":"BreadcrumbList","@id":"https:\/\/www.biothys.com\/de\/rechtliche-hinweise\/#breadcrumb","itemListElement":[{"@type":"ListItem","position":1,"name":"Accueil","item":"https:\/\/www.biothys.com\/de\/"},{"@type":"ListItem","position":2,"name":"Impressums"}]},{"@type":"WebSite","@id":"https:\/\/www.biothys.com\/de\/#website","url":"https:\/\/www.biothys.com\/de\/","name":"Biothys","description":"","publisher":{"@id":"https:\/\/www.biothys.com\/de\/#organization"},"potentialAction":[{"@type":"SearchAction","target":{"@type":"EntryPoint","urlTemplate":"https:\/\/www.biothys.com\/de\/?s={search_term_string}"},"query-input":{"@type":"PropertyValueSpecification","valueRequired":true,"valueName":"search_term_string"}}],"inLanguage":"de"},{"@type":"Organization","@id":"https:\/\/www.biothys.com\/de\/#organization","name":"Biothys","url":"https:\/\/www.biothys.com\/de\/","logo":{"@type":"ImageObject","inLanguage":"de","@id":"https:\/\/www.biothys.com\/de\/#\/schema\/logo\/image\/","url":"https:\/\/www.biothys.com\/wp-content\/uploads\/2024\/04\/Logo-Biothys-header.png","contentUrl":"https:\/\/www.biothys.com\/wp-content\/uploads\/2024\/04\/Logo-Biothys-header.png","width":239,"height":60,"caption":"Biothys"},"image":{"@id":"https:\/\/www.biothys.com\/de\/#\/schema\/logo\/image\/"}}]}},"_links":{"self":[{"href":"https:\/\/www.biothys.com\/de\/wp-json\/wp\/v2\/pages\/5687","targetHints":{"allow":["GET"]}}],"collection":[{"href":"https:\/\/www.biothys.com\/de\/wp-json\/wp\/v2\/pages"}],"about":[{"href":"https:\/\/www.biothys.com\/de\/wp-json\/wp\/v2\/types\/page"}],"author":[{"embeddable":true,"href":"https:\/\/www.biothys.com\/de\/wp-json\/wp\/v2\/users\/1"}],"replies":[{"embeddable":true,"href":"https:\/\/www.biothys.com\/de\/wp-json\/wp\/v2\/comments?post=5687"}],"version-history":[{"count":5,"href":"https:\/\/www.biothys.com\/de\/wp-json\/wp\/v2\/pages\/5687\/revisions"}],"predecessor-version":[{"id":6056,"href":"https:\/\/www.biothys.com\/de\/wp-json\/wp\/v2\/pages\/5687\/revisions\/6056"}],"wp:attachment":[{"href":"https:\/\/www.biothys.com\/de\/wp-json\/wp\/v2\/media?parent=5687"}],"wp:term":[{"taxonomy":"cible","embeddable":true,"href":"https:\/\/www.biothys.com\/de\/wp-json\/wp\/v2\/cible?post=5687"},{"taxonomy":"propriete","embeddable":true,"href":"https:\/\/www.biothys.com\/de\/wp-json\/wp\/v2\/propriete?post=5687"},{"taxonomy":"secteur_general","embeddable":true,"href":"https:\/\/www.biothys.com\/de\/wp-json\/wp\/v2\/secteur_general?post=5687"},{"taxonomy":"secteur","embeddable":true,"href":"https:\/\/www.biothys.com\/de\/wp-json\/wp\/v2\/secteur?post=5687"},{"taxonomy":"typologie","embeddable":true,"href":"https:\/\/www.biothys.com\/de\/wp-json\/wp\/v2\/typologie?post=5687"}],"curies":[{"name":"wp","href":"https:\/\/api.w.org\/{rel}","templated":true}]}}